{"id":21,"date":"2022-02-02T11:03:46","date_gmt":"2022-02-02T11:03:46","guid":{"rendered":"https:\/\/milesandrewards.com\/?page_id=21"},"modified":"2022-03-22T12:09:43","modified_gmt":"2022-03-22T12:09:43","slug":"about-us","status":"publish","type":"page","link":"https:\/\/milesandrewards.com\/es\/about-us\/","title":{"rendered":"Sobre Nosotros"},"content":{"rendered":"<blockquote><p><strong>Miles and Rewards: \u00a1Planificar su viaje como un jefe siempre es f\u00e1cil!<\/strong><\/p><\/blockquote>\n<p><a href=\"https:\/\/milesandrewards.com\/\"><strong>Miles and Rewards<\/strong><\/a> es un sitio web de blogs de viajes que aboga por que <em><strong>los viajes<\/strong><\/em> y <em><strong>las vacaciones<\/strong><\/em> capturen las mejores experiencias, lugares y recuerdos para que sean divertidos y emocionantes. Nuestro objetivo es encontrar el mejor y m\u00e1s nuevo destino que seguramente le brinde la mejor experiencia de viaje seg\u00fan lo planeado. Si est\u00e1 planeando hacer un viaje, tenemos algunos art\u00edculos de blog \u00fatiles que pueden ayudarlo a minimizar el estr\u00e9s y maximizar la diversi\u00f3n y la aventura.<\/p>\n<p><a href=\"https:\/\/milesandrewards.com\/\"><strong>Miles And Rewards<\/strong><\/a> se conceptualiza con el objetivo de hacer que la experiencia de viaje de cada uno sea divertida, econ\u00f3mica y aventurera. Publicaremos art\u00edculos que abordar\u00e1n consejos de viaje y recomendaciones para destinos que seguramente le brindar\u00e1n informaci\u00f3n \u00fatil que tal vez desee saber primero antes de hacerlo. Nuestro objetivo es convertirnos en un excelente blog de gu\u00eda de viajes para las personas interesadas en viajar a cualquier lugar en el mundo y las tendencias sobre vacaciones de ensue\u00f1o.<\/p>\n<p>No busque m\u00e1s, <a href=\"https:\/\/milesandrewards.com\/\"><em>MilesAndRewards.com<\/em><\/a> presentar\u00e1 ideas de viaje, consejos simples e informaci\u00f3n \u00fatil sobre los hermosos lugares y destinos del mundo que pueden cautivar su coraz\u00f3n cuando los visite para viajar y vacacionar.<\/p>\n","protected":false},"excerpt":{"rendered":"<p>Miles and Rewards: \u00a1Planificar su viaje como un jefe siempre es f\u00e1cil! Miles and Rewards es un sitio web de blogs de viajes que aboga por que los viajes y&hellip;<\/p>\n","protected":false},"author":1,"featured_media":0,"parent":0,"menu_order":0,"comment_status":"closed","ping_status":"closed","template":"","meta":{"footnotes":""},"class_list":["post-21","page","type-page","status-publish"],"_links":{"self":[{"href":"https:\/\/milesandrewards.com\/es\/wp-json\/wp\/v2\/pages\/21","targetHints":{"allow":["GET"]}}],"collection":[{"href":"https:\/\/milesandrewards.com\/es\/wp-json\/wp\/v2\/pages"}],"about":[{"href":"https:\/\/milesandrewards.com\/es\/wp-json\/wp\/v2\/types\/page"}],"author":[{"embeddable":true,"href":"https:\/\/milesandrewards.com\/es\/wp-json\/wp\/v2\/users\/1"}],"replies":[{"embeddable":true,"href":"https:\/\/milesandrewards.com\/es\/wp-json\/wp\/v2\/comments?post=21"}],"version-history":[{"count":3,"href":"https:\/\/milesandrewards.com\/es\/wp-json\/wp\/v2\/pages\/21\/revisions"}],"predecessor-version":[{"id":379,"href":"https:\/\/milesandrewards.com\/es\/wp-json\/wp\/v2\/pages\/21\/revisions\/379"}],"wp:attachment":[{"href":"https:\/\/milesandrewards.com\/es\/wp-json\/wp\/v2\/media?parent=21"}],"curies":[{"name":"wp","href":"https:\/\/api.w.org\/{rel}","templated":true}]}}