{"id":21,"date":"2022-02-02T11:03:46","date_gmt":"2022-02-02T11:03:46","guid":{"rendered":"https:\/\/milesandrewards.com\/?page_id=21"},"modified":"2022-03-22T11:59:26","modified_gmt":"2022-03-22T11:59:26","slug":"about-us","status":"publish","type":"page","link":"https:\/\/milesandrewards.com\/fr\/about-us\/","title":{"rendered":"\u00c0 Propos de Nous"},"content":{"rendered":"<blockquote><p><strong>Miles and Rewards : Planifier votre voyage comme un pro est toujours facile!<\/strong><\/p><\/blockquote>\n<p><a href=\"https:\/\/milesandrewards.com\/\"><strong>Miles and Rewards<\/strong><\/a> est un site Web de blog de voyage qui pr\u00e9conise que <em><strong>les voyages<\/strong><\/em> et <em><strong>les vacances<\/strong><\/em> doivent capturer la meilleure exp\u00e9rience, les meilleurs endroits et les meilleurs souvenirs pour \u00eatre amusants et excitants. Notre objectif est de trouver la destination la meilleure et la plus fra\u00eeche qui vous offre s\u00fbrement la meilleure exp\u00e9rience de voyage comme pr\u00e9vu. Si vous pr\u00e9voyez de partir en voyage, nous avons quelques articles de blog utiles qui peuvent vous aider \u00e0 minimiser le stress et \u00e0 maximiser le plaisir et l&#8217;aventure.<\/p>\n<p><a href=\"https:\/\/milesandrewards.com\/\"><strong>Miles And Rewards<\/strong><\/a> est conceptualis\u00e9 dans le but de rendre l&#8217;exp\u00e9rience de voyage de chacun amusante, \u00e9conomique et aventureuse. Nous publierons des articles qui aborderont des conseils de voyage et des recommandations pour des destinations qui vous donneront s\u00fbrement des informations utiles que vous voudrez peut-\u00eatre conna\u00eetre avant de vous lancer. Devenir un excellent blog de guide de voyage est ce que nous visons pour les personnes int\u00e9ress\u00e9es \u00e0 voyager dans n&#8217;importe quel place dans le monde et les tendances en mati\u00e8re de vacances de r\u00eave.<\/p>\n<p>Ne cherchez pas plus loin, <a href=\"https:\/\/milesandrewards.com\/\"><em>MilesAndRewards.com<\/em><\/a> proposera des id\u00e9es de voyage, des conseils simples et des informations utiles sur les beaux endroits et destinations du monde qui peuvent captiver votre c\u0153ur lorsque vous les visitez pour des voyages et des vacances.<\/p>\n","protected":false},"excerpt":{"rendered":"<p>Miles and Rewards : Planifier votre voyage comme un pro est toujours facile! Miles and Rewards est un site Web de blog de voyage qui pr\u00e9conise que les voyages et&hellip;<\/p>\n","protected":false},"author":1,"featured_media":0,"parent":0,"menu_order":0,"comment_status":"closed","ping_status":"closed","template":"","meta":{"footnotes":""},"class_list":["post-21","page","type-page","status-publish"],"_links":{"self":[{"href":"https:\/\/milesandrewards.com\/fr\/wp-json\/wp\/v2\/pages\/21","targetHints":{"allow":["GET"]}}],"collection":[{"href":"https:\/\/milesandrewards.com\/fr\/wp-json\/wp\/v2\/pages"}],"about":[{"href":"https:\/\/milesandrewards.com\/fr\/wp-json\/wp\/v2\/types\/page"}],"author":[{"embeddable":true,"href":"https:\/\/milesandrewards.com\/fr\/wp-json\/wp\/v2\/users\/1"}],"replies":[{"embeddable":true,"href":"https:\/\/milesandrewards.com\/fr\/wp-json\/wp\/v2\/comments?post=21"}],"version-history":[{"count":4,"href":"https:\/\/milesandrewards.com\/fr\/wp-json\/wp\/v2\/pages\/21\/revisions"}],"predecessor-version":[{"id":403,"href":"https:\/\/milesandrewards.com\/fr\/wp-json\/wp\/v2\/pages\/21\/revisions\/403"}],"wp:attachment":[{"href":"https:\/\/milesandrewards.com\/fr\/wp-json\/wp\/v2\/media?parent=21"}],"curies":[{"name":"wp","href":"https:\/\/api.w.org\/{rel}","templated":true}]}}