{"id":21,"date":"2022-02-02T11:03:46","date_gmt":"2022-02-02T11:03:46","guid":{"rendered":"https:\/\/milesandrewards.com\/?page_id=21"},"modified":"2022-05-25T15:59:59","modified_gmt":"2022-05-25T15:59:59","slug":"about-us","status":"publish","type":"page","link":"https:\/\/milesandrewards.com\/pl\/about-us\/","title":{"rendered":"O nas"},"content":{"rendered":"<blockquote><p><strong><span>Mile i nagrody: planowanie podr\u00f3\u017cy jak szef jest zawsze \u0142atwe!<\/span><\/strong><\/p><\/blockquote>\n<p><a href=\"https:\/\/milesandrewards.com\/\" rel=\"\"><em><span>Miles and Rewards<\/span><\/em><\/a><span>\u00a0to blog podr\u00f3\u017cniczy, kt\u00f3ry opowiada<\/span><em><strong><span>\u00a0si\u0119 za podr\u00f3\u017cami<\/span><\/strong><\/em><span>\u00a0i<\/span><em><strong><span>\u00a0wakacjami<\/span><\/strong><\/em><span>\u00a0, kt\u00f3re powinny uchwyci\u0107 najlepsze wra\u017cenia, miejsca i wspomnienia, aby by\u0142y zabawne i ekscytuj\u0105ce.\u00a0Naszym celem jest znalezienie najlepszego i \u015bwie\u017cego miejsca docelowego, kt\u00f3re z pewno\u015bci\u0105 zapewni<\/span><em><span>\u00a0najlepsze wra\u017cenia z podr\u00f3\u017cy zgodnie z planem<\/span><\/em><span>\u00a0.\u00a0Je\u015bli planujesz wycieczk\u0119, mamy kilka przydatnych artyku\u0142\u00f3w na blogu, kt\u00f3re pomog\u0105 Ci zminimalizowa\u0107 stres i zmaksymalizowa\u0107 zabaw\u0119 i przygod\u0119.<\/span><\/p>\n<p><a href=\"https:\/\/milesandrewards.com\/\" rel=\"\"><em><span>Miles And Rewards<\/span><\/em><\/a><span>\u00a0zosta\u0142 opracowany z my\u015bl\u0105 o tym,<\/span><em><span>\u00a0aby ka\u017cda podr\u00f3\u017c by\u0142a przyjemna, niedroga i pe\u0142na przyg\u00f3d<\/span><\/em><span>\u00a0.\u00a0B\u0119dziemy publikowa\u0107 artyku\u0142y, kt\u00f3re b\u0119d\u0105 zawiera\u0142y wskaz\u00f3wki i rekomendacje dotycz\u0105ce podr\u00f3\u017cy, kt\u00f3re z pewno\u015bci\u0105 dostarcz\u0105 przydatnych informacji, kt\u00f3re warto pozna\u0107 przed wyjazdem.. Stanie si\u0119 doskona\u0142ym blogiem przewodnik\u00f3w turystycznych jest naszym celem dla os\u00f3b zainteresowanych podr\u00f3\u017c\u0105 do dowolnego miejsca miejsce na \u015bwiecie i trendy na wymarzone wakacje.<\/span><\/p>\n<p><span>Nie szukaj dalej,\u00a0<\/span><a href=\"https:\/\/milesandrewards.com\/\" rel=\"\"><em><strong><span>MilesAndRewards.com<\/span><\/strong><\/em><\/a><span>\u00a0b\u0119dzie zawiera\u0142 pomys\u0142y na podr\u00f3\u017ce, proste wskaz\u00f3wki i przydatne informacje o\u00a0<\/span><em><strong><span>pi\u0119knych miejscach<\/span><\/strong><\/em><span>\u00a0i\u00a0<\/span><em><strong><span>miejscach na \u015bwiecie<\/span><\/strong><\/em><span>\u00a0, kt\u00f3re mog\u0105 urzec Twoje serce, gdy odwiedzasz je w podr\u00f3\u017cy i na wakacjach.<\/span><\/p>\n","protected":false},"excerpt":{"rendered":"<p>Mile i nagrody: planowanie podr\u00f3\u017cy jak szef jest zawsze \u0142atwe! Miles and Rewards\u00a0to blog podr\u00f3\u017cniczy, kt\u00f3ry opowiada\u00a0si\u0119 za podr\u00f3\u017cami\u00a0i\u00a0wakacjami\u00a0, kt\u00f3re powinny uchwyci\u0107 najlepsze wra\u017cenia, miejsca i wspomnienia, aby by\u0142y zabawne&hellip;<\/p>\n","protected":false},"author":1,"featured_media":0,"parent":0,"menu_order":0,"comment_status":"closed","ping_status":"closed","template":"","meta":{"footnotes":""},"class_list":["post-21","page","type-page","status-publish"],"_links":{"self":[{"href":"https:\/\/milesandrewards.com\/pl\/wp-json\/wp\/v2\/pages\/21","targetHints":{"allow":["GET"]}}],"collection":[{"href":"https:\/\/milesandrewards.com\/pl\/wp-json\/wp\/v2\/pages"}],"about":[{"href":"https:\/\/milesandrewards.com\/pl\/wp-json\/wp\/v2\/types\/page"}],"author":[{"embeddable":true,"href":"https:\/\/milesandrewards.com\/pl\/wp-json\/wp\/v2\/users\/1"}],"replies":[{"embeddable":true,"href":"https:\/\/milesandrewards.com\/pl\/wp-json\/wp\/v2\/comments?post=21"}],"version-history":[{"count":1,"href":"https:\/\/milesandrewards.com\/pl\/wp-json\/wp\/v2\/pages\/21\/revisions"}],"predecessor-version":[{"id":493,"href":"https:\/\/milesandrewards.com\/pl\/wp-json\/wp\/v2\/pages\/21\/revisions\/493"}],"wp:attachment":[{"href":"https:\/\/milesandrewards.com\/pl\/wp-json\/wp\/v2\/media?parent=21"}],"curies":[{"name":"wp","href":"https:\/\/api.w.org\/{rel}","templated":true}]}}