{"id":21,"date":"2022-02-02T11:03:46","date_gmt":"2022-02-02T11:03:46","guid":{"rendered":"https:\/\/milesandrewards.com\/?page_id=21"},"modified":"2022-03-22T12:03:31","modified_gmt":"2022-03-22T12:03:31","slug":"about-us","status":"publish","type":"page","link":"https:\/\/milesandrewards.com\/tr\/about-us\/","title":{"rendered":"Bizim Hakk\u0131m\u0131zda"},"content":{"rendered":"<blockquote><p><strong>Miles and Rewards: Planejar sua viagem como um chefe \u00e9 sempre f\u00e1cil!<\/strong><\/p><\/blockquote>\n<p><a href=\"https:\/\/milesandrewards.com\/\"><strong>Miles and Rewards<\/strong><\/a> \u00e9 um site de blog de viagens que defende que <em><strong>viagens<\/strong><\/em> e <em><strong>f\u00e9rias<\/strong><\/em> devem capturar a melhor experi\u00eancia, lugares e mem\u00f3rias para serem divertidos e emocionantes. Nosso objetivo \u00e9 encontrar o melhor e fresco destino que certamente oferece a melhor experi\u00eancia de viagem conforme planejado. Se voc\u00ea est\u00e1 planejando fazer uma viagem, temos alguns artigos de blog \u00fateis que podem ajud\u00e1-lo a minimizar o estresse e maximizar a divers\u00e3o e a aventura.<\/p>\n<p>O <a href=\"https:\/\/milesandrewards.com\/\"><strong>Miles And Rewards<\/strong><\/a> foi concebido com o objetivo de tornar a experi\u00eancia de viagem de cada pessoa divertida, econ\u00f4mica e aventureira. Publicaremos artigos que abordar\u00e3o dicas de viagem e recomenda\u00e7\u00f5es de destinos que certamente lhe dar\u00e3o informa\u00e7\u00f5es \u00fateis que voc\u00ea pode querer saber antes de ir para ele. lugar no mundo e as tend\u00eancias sobre as f\u00e9rias dos sonhos.<\/p>\n<p>N\u00e3o procure mais, <a href=\"https:\/\/milesandrewards.com\/\"><em>MilesAndRewards.com<\/em><\/a> apresentar\u00e1 ideias de viagem, dicas simples e informa\u00e7\u00f5es \u00fateis sobre os belos lugares e destinos do mundo que podem cativar seu cora\u00e7\u00e3o ao visit\u00e1-los para viagens e f\u00e9rias.<\/p>\n","protected":false},"excerpt":{"rendered":"<p>Miles and Rewards: Planejar sua viagem como um chefe \u00e9 sempre f\u00e1cil! Miles and Rewards \u00e9 um site de blog de viagens que defende que viagens e f\u00e9rias devem capturar&hellip;<\/p>\n","protected":false},"author":1,"featured_media":0,"parent":0,"menu_order":0,"comment_status":"closed","ping_status":"closed","template":"","meta":{"footnotes":""},"class_list":["post-21","page","type-page","status-publish"],"_links":{"self":[{"href":"https:\/\/milesandrewards.com\/tr\/wp-json\/wp\/v2\/pages\/21","targetHints":{"allow":["GET"]}}],"collection":[{"href":"https:\/\/milesandrewards.com\/tr\/wp-json\/wp\/v2\/pages"}],"about":[{"href":"https:\/\/milesandrewards.com\/tr\/wp-json\/wp\/v2\/types\/page"}],"author":[{"embeddable":true,"href":"https:\/\/milesandrewards.com\/tr\/wp-json\/wp\/v2\/users\/1"}],"replies":[{"embeddable":true,"href":"https:\/\/milesandrewards.com\/tr\/wp-json\/wp\/v2\/comments?post=21"}],"version-history":[{"count":5,"href":"https:\/\/milesandrewards.com\/tr\/wp-json\/wp\/v2\/pages\/21\/revisions"}],"predecessor-version":[{"id":388,"href":"https:\/\/milesandrewards.com\/tr\/wp-json\/wp\/v2\/pages\/21\/revisions\/388"}],"wp:attachment":[{"href":"https:\/\/milesandrewards.com\/tr\/wp-json\/wp\/v2\/media?parent=21"}],"curies":[{"name":"wp","href":"https:\/\/api.w.org\/{rel}","templated":true}]}}